{"id":680,"date":"2025-03-05T10:17:04","date_gmt":"2025-03-05T10:17:04","guid":{"rendered":"https:\/\/fritzsche-wa.de\/?page_id=680"},"modified":"2025-04-16T16:25:30","modified_gmt":"2025-04-16T14:25:30","slug":"impressum","status":"publish","type":"page","link":"https:\/\/fritzsche-wa.de\/?page_id=680","title":{"rendered":"Datenschutz"},"content":{"rendered":"\t\t<div data-elementor-type=\"wp-page\" data-elementor-id=\"680\" class=\"elementor elementor-680\">\n\t\t\t\t<div class=\"elementor-element elementor-element-2474074 e-flex e-con-boxed e-con e-parent\" data-id=\"2474074\" data-element_type=\"container\" data-e-type=\"container\">\n\t\t\t\t\t<div class=\"e-con-inner\">\n\t\t\t\t<div class=\"elementor-element elementor-element-fcae6a7 elementor-widget elementor-widget-text-editor\" data-id=\"fcae6a7\" data-element_type=\"widget\" data-e-type=\"widget\" data-widget_type=\"text-editor.default\">\n\t\t\t\t<div class=\"elementor-widget-container\">\n\t\t\t\t\t\t\t\t\t<p class=\"p2\"><strong>1. Datenschutz auf einen Blick<\/strong><\/p><p class=\"p3\"><strong>Allgemeine Hinweise<\/strong><\/p><p class=\"p4\">Die folgenden Hinweise geben einen einfachen \u00dcberblick daru\u0308ber, was mit Ihren personenbezogenen Daten<\/p><p class=\"p4\">passiert, wenn Sie diese Website besuchen. Personenbezogene Daten sind alle Daten, mit denen Sie<\/p><p class=\"p4\">pers\u00f6nlich identifiziert werden k\u00f6nnen. Ausfu\u0308hrliche Informationen zum Thema Datenschutz entnehmen<\/p><p class=\"p4\">Sie unserer unter diesem Text aufgefu\u0308hrten Datenschutzerkl\u00e4rung.<\/p><p class=\"p3\"><strong>Datenerfassung auf dieser Website<\/strong><\/p><p class=\"p4\"><strong>Wer ist verantwortlich fu\u0308r die Datenerfassung auf dieser Website?<\/strong><\/p><p class=\"p4\">Die Datenverarbeitung auf dieser Website erfolgt durch den Websitebetreiber. Dessen Kontaktdaten<\/p><p class=\"p4\">k\u00f6nnen Sie dem Abschnitt \u201eHinweis zur Verantwortlichen Stelle\u201c in dieser Datenschutzerkl\u00e4rung entnehmen.<\/p><p class=\"p4\"><strong>Wie erfassen wir Ihre Daten?<\/strong><\/p><p class=\"p1\">Ihre Daten werden zum einen dadurch erhoben, dass Sie uns diese mitteilen. Hierbei kann es sich z. B. um<\/p><p class=\"p1\">Daten handeln, die Sie in ein Kontaktformular eingeben.<\/p><p class=\"p1\">Andere Daten werden automatisch oder nach Ihrer Einwilligung beim Besuch der Website durch unsere ITSysteme<\/p><p class=\"p1\">erfasst. Das sind vor allem technische Daten (z. B. Internetbrowser, Betriebssystem oder Uhrzeit<\/p><p class=\"p1\">des Seitenaufrufs). Die Erfassung dieser Daten erfolgt automatisch, sobald Sie diese Website betreten.<\/p><p class=\"p1\"><strong>Wofu\u0308r nutzen wir Ihre Daten?<\/strong><\/p><p class=\"p1\">Ein Teil der Daten wird erhoben, um eine fehlerfreie Bereitstellung der Website zu gew\u00e4hrleisten. Andere<\/p><p class=\"p1\">Daten k\u00f6nnen zur Analyse Ihres Nutzerverhaltens verwendet werden. Sofern u\u0308ber die Website Vertr\u00e4ge<\/p><p class=\"p1\">geschlossen oder angebahnt werden k\u00f6nnen, werden die u\u0308bermittelten Daten auch fu\u0308r Vertragsangebote,<\/p><p class=\"p1\">Bestellungen oder sonstige Auftragsanfragen verarbeitet.<\/p><p class=\"p1\">Welche Rechte haben Sie bezu\u0308glich Ihrer Daten?<\/p><p class=\"p1\">Sie haben jederzeit das Recht, unentgeltlich Auskunft u\u0308ber Herkunft, Empf\u00e4nger und Zweck Ihrer<\/p><p class=\"p1\">gespeicherten personenbezogenen Daten zu erhalten. Sie haben au\u00dferdem ein Recht, die Berichtigung oder<\/p><p class=\"p1\">L\u00f6schung dieser Daten zu verlangen. Wenn Sie eine Einwilligung zur Datenverarbeitung erteilt haben,<\/p><p class=\"p1\">k\u00f6nnen Sie diese Einwilligung jederzeit fu\u0308r die Zukunft widerrufen. Au\u00dferdem haben Sie das Recht, unter<\/p><p class=\"p1\">bestimmten Umst\u00e4nden die Einschr\u00e4nkung der Verarbeitung Ihrer personenbezogenen Daten zu verlangen.<\/p><p class=\"p1\">Des Weiteren steht Ihnen ein Beschwerderecht bei der zust\u00e4ndigen Aufsichtsbeh\u00f6rde zu.<\/p><p class=\"p3\"><strong>2. Hosting<\/strong><\/p><p class=\"p1\">Wir hosten die Inhalte unserer Website bei folgendem Anbieter:<\/p><p class=\"p2\"><strong>IONOS<\/strong><\/p><p class=\"p1\">Anbieter ist die IONOS SE, Elgendorfer Str. 57, 56410 Montabaur (nachfolgend IONOS). Wenn Sie unsere<\/p><p class=\"p1\">Website besuchen, erfasst IONOS verschiedene Logfiles inklusive Ihrer IP-Adressen. Details entnehmen Sie<\/p><p class=\"p1\">der Datenschutzerkl\u00e4rung von IONOS:<\/p><p class=\"p4\">https:\/\/www.ionos.de\/terms-gtc\/terms-privacy<span class=\"s1\">.<\/span><\/p><p class=\"p1\">Die Verwendung von IONOS erfolgt auf Grundlage von Art. 6 Abs. 1 lit. f DSGVO. Wir haben ein<\/p><p class=\"p1\">berechtigtes Interesse an einer m\u00f6glichst zuverl\u00e4ssigen Darstellung unserer Website. Sofern eine<\/p><p class=\"p1\">entsprechende Einwilligung abgefragt wurde, erfolgt die Verarbeitung ausschlie\u00dflich auf Grundlage von Art.<\/p><p class=\"p1\">6 Abs. 1 lit. a DSGVO und \u00a7 25 Abs. 1 TDDDG, soweit die Einwilligung die Speicherung von Cookies oder den<\/p><p class=\"p1\">Zugriff auf Informationen im Endger\u00e4t des Nutzers (z. B. Device-Fingerprinting) im Sinne des TDDDG<\/p><p class=\"p1\">umfasst. Die Einwilligung ist jederzeit widerrufbar.<\/p><p class=\"p1\"><strong>Auftragsverarbeitung<\/strong><\/p><p class=\"p1\">Wir haben einen Vertrag u\u0308ber Auftragsverarbeitung (AVV) zur Nutzung des oben genannten Dienstes<\/p><p class=\"p1\">geschlossen. Hierbei handelt es sich um einen datenschutzrechtlich vorgeschriebenen Vertrag, der<\/p><p class=\"p1\">gew\u00e4hrleistet, dass dieser die personenbezogenen Daten unserer Websitebesucher nur nach unseren<\/p><p class=\"p1\">Weisungen und unter Einhaltung der DSGVO verarbeitet.<\/p><p class=\"p2\"><strong>3. Allgemeine Hinweise und Pflichtinformationen<\/strong><\/p><p class=\"p3\"><strong>Datenschutz<\/strong><\/p><p class=\"p1\">Die Betreiber dieser Seiten nehmen den Schutz Ihrer pers\u00f6nlichen Daten sehr ernst. Wir behandeln Ihre<\/p><p class=\"p1\">personenbezogenen Daten vertraulich und entsprechend den gesetzlichen Datenschutzvorschriften sowie<\/p><p class=\"p1\">dieser Datenschutzerkl\u00e4rung.<\/p><p class=\"p1\">Wenn Sie diese Website benutzen, werden verschiedene personenbezogene Daten erhoben.<\/p><p class=\"p1\">Personenbezogene Daten sind Daten, mit denen Sie pers\u00f6nlich identifiziert werden k\u00f6nnen. Die vorliegende<\/p><p class=\"p1\">Datenschutzerkl\u00e4rung erl\u00e4utert, welche Daten wir erheben und wofu\u0308r wir sie nutzen. Sie erl\u00e4utert auch, wie<\/p><p class=\"p1\">und zu welchem Zweck das geschieht.<\/p><p class=\"p1\">Wir weisen darauf hin, dass die Datenu\u0308bertragung im Internet (z. B. bei der Kommunikation per E-Mail)<\/p><p class=\"p1\">Sicherheitslu\u0308cken aufweisen kann. Ein lu\u0308ckenloser Schutz der Daten vor dem Zugriff durch Dritte ist nicht m\u00f6glich.<\/p><p class=\"p3\"><strong>Hinweis zur verantwortlichen Stelle<\/strong><\/p><p class=\"p1\">Die verantwortliche Stelle fu\u0308r die Datenverarbeitung auf dieser Website ist:<\/p><p class=\"p1\">Fritzsche Werbeagentur Gmbh<\/p><p class=\"p1\">Gotzinger Stra\u00dfe 48<\/p><p class=\"p1\">81371 Mu\u0308nchen<\/p><p class=\"p1\">Telefon: +49 (0) 89 4521359-10<\/p><p class=\"p1\">E-Mail: jens@fritzsche-wa.de<\/p><p class=\"p1\">Verantwortliche Stelle ist die natu\u0308rliche oder juristische Person, die allein oder gemeinsam mit anderen u\u0308ber<\/p><p class=\"p1\">die Zwecke und Mittel der Verarbeitung von personenbezogenen Daten (z. B. Namen, E-Mail-Adressen o. \u00c4.) entscheidet.<\/p><p class=\"p3\"><strong>Speicherdauer<\/strong><\/p><p class=\"p1\">Soweit innerhalb dieser Datenschutzerkl\u00e4rung keine speziellere Speicherdauer genannt wurde, verbleiben<\/p><p class=\"p1\">Ihre personenbezogenen Daten bei uns, bis der Zweck fu\u0308r die Datenverarbeitung entf\u00e4llt. Wenn Sie ein<\/p><p class=\"p1\">berechtigtes L\u00f6schersuchen geltend machen oder eine Einwilligung zur Datenverarbeitung widerrufen,<\/p><p class=\"p1\">werden Ihre Daten gel\u00f6scht, sofern wir keine anderen rechtlich zul\u00e4ssigen Gru\u0308nde fu\u0308r die Speicherung Ihrer<\/p><p class=\"p1\">personenbezogenen Daten haben (z. B. steuer- oder handelsrechtliche Aufbewahrungsfristen); im<\/p><p class=\"p1\">letztgenannten Fall erfolgt die L\u00f6schung nach Fortfall dieser Gru\u0308nde.<\/p><p class=\"p3\">Allgemeine Hinweise zu den Rechtsgrundlagen der Datenverarbeitung auf dieser<\/p><p class=\"p3\">Website<\/p><p class=\"p1\">Sofern Sie in die Datenverarbeitung eingewilligt haben, verarbeiten wir Ihre personenbezogenen Daten auf<\/p><p class=\"p1\">Grundlage von Art. 6 Abs. 1 lit. a DSGVO bzw. Art. 9 Abs. 2 lit. a DSGVO, sofern besondere Datenkategorien<\/p><p class=\"p1\">nach Art. 9 Abs. 1 DSGVO verarbeitet werden. Im Falle einer ausdru\u0308cklichen Einwilligung in die \u00dcbertragung<\/p><p class=\"p1\">personenbezogener Daten in Drittstaaten erfolgt die Datenverarbeitung au\u00dferdem auf Grundlage von Art.<\/p><p class=\"p1\">49 Abs. 1 lit. a DSGVO. Sofern Sie in die Speicherung von Cookies oder in den Zugriff auf Informationen in<\/p><p class=\"p1\">Ihr Endger\u00e4t (z. B. via Device-Fingerprinting) eingewilligt haben, erfolgt die Datenverarbeitung zus\u00e4tzlich<\/p><p class=\"p1\">auf Grundlage von \u00a7 25 Abs. 1 TDDDG. Die Einwilligung ist jederzeit widerrufbar. Sind Ihre Daten zur<\/p><p class=\"p1\">Vertragserfu\u0308llung oder zur Durchfu\u0308hrung vorvertraglicher Ma\u00dfnahmen erforderlich, verarbeiten wir Ihre<\/p><p class=\"p1\">Daten auf Grundlage des Art. 6 Abs. 1 lit. b DSGVO. Des Weiteren verarbeiten wir Ihre Daten, sofern diese<\/p><p class=\"p1\">zur Erfu\u0308llung einer rechtlichen Verpflichtung erforderlich sind auf Grundlage von Art. 6 Abs. 1 lit. c DSGVO.<\/p><p class=\"p1\">Die Datenverarbeitung kann ferner auf Grundlage unseres berechtigten Interesses nach Art. 6 Abs. 1 lit. f<\/p><p class=\"p1\">DSGVO erfolgen. \u00dcber die jeweils im Einzelfall einschl\u00e4gigen Rechtsgrundlagen wird in den folgenden<\/p><p class=\"p1\">Abs\u00e4tzen dieser Datenschutzerkl\u00e4rung informiert.<\/p><p class=\"p2\"><strong>Empf\u00e4nger von personenbezogenen Daten<\/strong><\/p><p class=\"p1\">Im Rahmen unserer Gesch\u00e4ftst\u00e4tigkeit arbeiten wir mit verschiedenen externen Stellen zusammen. Dabei<\/p><p class=\"p1\">ist teilweise auch eine \u00dcbermittlung von personenbezogenen Daten an diese externen Stellen erforderlich.<\/p><p class=\"p1\">Wir geben personenbezogene Daten nur dann an externe Stellen weiter, wenn dies im Rahmen einer<\/p><p class=\"p1\">Vertragserfu\u0308llung erforderlich ist, wenn wir gesetzlich hierzu verpflichtet sind (z. B. Weitergabe von Daten<\/p><p class=\"p1\">an Steuerbeh\u00f6rden), wenn wir ein berechtigtes Interesse nach Art. 6 Abs. 1 lit. f DSGVO an der Weitergabe<\/p><p class=\"p1\">haben oder wenn eine sonstige Rechtsgrundlage die Datenweitergabe erlaubt. Beim Einsatz von<\/p><p class=\"p1\">Auftragsverarbeitern geben wir personenbezogene Daten unserer Kunden nur auf Grundlage eines gu\u0308ltigen<\/p><p class=\"p1\">Vertrags u\u0308ber Auftragsverarbeitung weiter. Im Falle einer gemeinsamen Verarbeitung wird ein Vertrag u\u0308ber<\/p><p class=\"p1\">gemeinsame Verarbeitung geschlossen.<\/p><p class=\"p2\"><strong>Widerruf Ihrer Einwilligung zur Datenverarbeitung<\/strong><\/p><p class=\"p1\">Viele Datenverarbeitungsvorg\u00e4nge sind nur mit Ihrer ausdru\u0308cklichen Einwilligung m\u00f6glich. Sie k\u00f6nnen eine<\/p><p class=\"p1\">bereits erteilte Einwilligung jederzeit widerrufen. Die Rechtm\u00e4\u00dfigkeit der bis zum Widerruf erfolgten<\/p><p class=\"p1\">Datenverarbeitung bleibt vom Widerruf unberu\u0308hrt.<\/p><p class=\"p2\"><strong>Widerspruchsrecht gegen die Datenerhebung in besonderen F\u00e4llen sowie gegen Direktwerbung (Art. 21 DSGVO)<\/strong><\/p><p class=\"p1\">WENN DIE DATENVERARBEITUNG AUF GRUNDLAGE VON ART. 6 ABS. 1 LIT. E ODER F DSGVO<\/p><p class=\"p1\">ERFOLGT, HABEN SIE JEDERZEIT DAS RECHT, AUS GR\u00dcNDEN, DIE SICH AUS IHRER BESONDEREN<\/p><p class=\"p1\">SITUATION ERGEBEN, GEGEN DIE VERARBEITUNG IHRER PERSONENBEZOGENEN DATEN<\/p><p class=\"p1\">WIDERSPRUCH EINZULEGEN; DIES GILT AUCH F\u00dcR EIN AUF DIESE BESTIMMUNGEN GEST\u00dcTZTES<\/p><p class=\"p1\">PROFILING. DIE JEWEILIGE RECHTSGRUNDLAGE, AUF DENEN EINE VERARBEITUNG BERUHT,<\/p><p class=\"p1\">ENTNEHMEN SIE DIESER DATENSCHUTZERKL\u00c4RUNG. WENN SIE WIDERSPRUCH EINLEGEN,<\/p><p class=\"p1\">WERDEN WIR IHRE BETROFFENEN PERSONENBEZOGENEN DATEN NICHT MEHR VERARBEITEN, ES<\/p><p class=\"p1\">SEI DENN, WIR K\u00d6NNEN ZWINGENDE SCHUTZW\u00dcRDIGE GR\u00dcNDE F\u00dcR DIE VERARBEITUNG<\/p><p class=\"p1\">NACHWEISEN, DIE IHRE INTERESSEN, RECHTE UND FREIHEITEN \u00dcBERWIEGEN ODER DIE<\/p><p class=\"p1\">VERARBEITUNG DIENT DER GELTENDMACHUNG, AUS\u00dcBUNG ODER VERTEIDIGUNG VON<\/p><p class=\"p1\">RECHTSANSPR\u00dcCHEN (WIDERSPRUCH NACH ART. 21 ABS. 1 DSGVO).<\/p><p class=\"p1\">WERDEN IHRE PERSONENBEZOGENEN DATEN VERARBEITET, UM DIREKTWERBUNG ZU BETREIBEN,<\/p><p class=\"p1\">SO HABEN SIE DAS RECHT, JEDERZEIT WIDERSPRUCH GEGEN DIE VERARBEITUNG SIE<\/p><p class=\"p1\">BETREFFENDER PERSONENBEZOGENER DATEN ZUM ZWECKE DERARTIGER WERBUNG<\/p><p class=\"p1\">EINZULEGEN; DIES GILT AUCH F\u00dcR DAS PROFILING, SOWEIT ES MIT SOLCHER DIREKTWERBUNG IN<\/p><p class=\"p1\">VERBINDUNG STEHT. WENN SIE WIDERSPRECHEN, WERDEN IHRE PERSONENBEZOGENEN DATEN<\/p><p class=\"p1\">ANSCHLIESSEND NICHT MEHR ZUM ZWECKE DER DIREKTWERBUNG VERWENDET (WIDERSPRUCH<\/p><p class=\"p1\">NACH ART. 21 ABS. 2 DSGVO).<\/p><p class=\"p2\"><strong>Beschwerderecht bei der zust\u00e4ndigen Aufsichtsbeh\u00f6rde<\/strong><\/p><p class=\"p1\">Im Falle von Verst\u00f6\u00dfen gegen die DSGVO steht den Betroffenen ein Beschwerderecht bei einer<\/p><p class=\"p1\">Aufsichtsbeh\u00f6rde, insbesondere in dem Mitgliedstaat ihres gew\u00f6hnlichen Aufenthalts, ihres Arbeitsplatzes<\/p><p class=\"p1\">oder des Orts des mutma\u00dflichen Versto\u00dfes zu. Das Beschwerderecht besteht unbeschadet anderweitiger<\/p><p class=\"p1\">verwaltungsrechtlicher oder gerichtlicher Rechtsbehelfe.<\/p><p class=\"p2\"><strong>Recht auf Datenu\u0308bertragbarkeit<\/strong><\/p><p class=\"p1\">Sie haben das Recht, Daten, die wir auf Grundlage Ihrer Einwilligung oder in Erfu\u0308llung eines Vertrags<\/p><p class=\"p1\">automatisiert verarbeiten, an sich oder an einen Dritten in einem g\u00e4ngigen, maschinenlesbaren Format<\/p><p class=\"p1\">aush\u00e4ndigen zu lassen. Sofern Sie die direkte \u00dcbertragung der Daten an einen anderen Verantwortlichen<\/p><p class=\"p1\">verlangen, erfolgt dies nur, soweit es technisch machbar ist.<\/p><p class=\"p2\"><strong>Auskunft, Berichtigung und L\u00f6schung<\/strong><\/p><p class=\"p1\">Sie haben im Rahmen der geltenden gesetzlichen Bestimmungen jederzeit das Recht auf unentgeltliche<\/p><p class=\"p1\">Auskunft u\u0308ber Ihre gespeicherten personenbezogenen Daten, deren Herkunft und Empf\u00e4nger und den<\/p><p class=\"p1\">Zweck der Datenverarbeitung und ggf. ein Recht auf Berichtigung oder L\u00f6schung dieser Daten. Hierzu sowie<\/p><p class=\"p1\">zu weiteren Fragen zum Thema personenbezogene Daten k\u00f6nnen Sie sich jederzeit an uns wenden.<\/p><p class=\"p2\"><strong>Recht auf Einschr\u00e4nkung der Verarbeitung<\/strong><\/p><p class=\"p1\">Sie haben das Recht, die Einschr\u00e4nkung der Verarbeitung Ihrer personenbezogenen Daten zu verlangen.<\/p><p class=\"p1\">Hierzu k\u00f6nnen Sie sich jederzeit an uns wenden. Das Recht auf Einschr\u00e4nkung der Verarbeitung besteht in<\/p><p class=\"p1\">folgenden F\u00e4llen:<\/p><p class=\"p1\">Wenn Sie die Richtigkeit Ihrer bei uns gespeicherten personenbezogenen Daten bestreiten, ben\u00f6tigen wir<\/p><p class=\"p1\">in der Regel Zeit, um dies zu u\u0308berpru\u0308fen. Fu\u0308r die Dauer der Pru\u0308fung haben Sie das Recht, die<\/p><p class=\"p1\">Einschr\u00e4nkung der Verarbeitung Ihrer personenbezogenen Daten zu verlangen.<\/p><p class=\"p1\">Wenn die Verarbeitung Ihrer personenbezogenen Daten unrechtm\u00e4\u00dfig geschah\/geschieht, k\u00f6nnen Sie<\/p><p class=\"p1\">statt der L\u00f6schung die Einschr\u00e4nkung der Datenverarbeitung verlangen.<\/p><p class=\"p1\">Wenn wir Ihre personenbezogenen Daten nicht mehr ben\u00f6tigen, Sie sie jedoch zur Ausu\u0308bung,<\/p><p class=\"p1\">Verteidigung oder Geltendmachung von Rechtsanspru\u0308chen ben\u00f6tigen, haben Sie das Recht, statt der<\/p><p class=\"p1\">L\u00f6schung die Einschr\u00e4nkung der Verarbeitung Ihrer personenbezogenen Daten zu verlangen.<\/p><p class=\"p1\">Wenn Sie einen Widerspruch nach Art. 21 Abs. 1 DSGVO eingelegt haben, muss eine Abw\u00e4gung zwischen<\/p><p class=\"p1\">Ihren und unseren Interessen vorgenommen werden. Solange noch nicht feststeht, wessen Interessen<\/p><p class=\"p1\">u\u0308berwiegen, haben Sie das Recht, die Einschr\u00e4nkung der Verarbeitung Ihrer personenbezogenen Daten<\/p><p class=\"p1\">zu verlangen.<\/p><p class=\"p1\">Wenn Sie die Verarbeitung Ihrer personenbezogenen Daten eingeschr\u00e4nkt haben, du\u0308rfen diese Daten \u2013 von<\/p><p class=\"p1\">ihrer Speicherung abgesehen \u2013 nur mit Ihrer Einwilligung oder zur Geltendmachung, Ausu\u0308bung oder<\/p><p class=\"p1\">Verteidigung von Rechtsanspru\u0308chen oder zum Schutz der Rechte einer anderen natu\u0308rlichen oder<\/p><p class=\"p1\">juristischen Person oder aus Gru\u0308nden eines wichtigen \u00f6ffentlichen Interesses der Europ\u00e4ischen Union oder<\/p><p class=\"p1\">eines Mitgliedstaats verarbeitet werden.<\/p><p class=\"p3\"><strong>4. Datenerfassung auf dieser Website<\/strong><\/p><p class=\"p2\"><strong>Cookies<\/strong><\/p><p class=\"p1\">Unsere Internetseiten verwenden so genannte \u201eCookies\u201c. Cookies sind kleine Datenpakete und richten auf<\/p><p class=\"p1\">Ihrem Endger\u00e4t keinen Schaden an. Sie werden entweder voru\u0308bergehend fu\u0308r die Dauer einer Sitzung<\/p><p class=\"p1\">(Session-Cookies) oder dauerhaft (permanente Cookies) auf Ihrem Endger\u00e4t gespeichert. Session-Cookies<\/p><p class=\"p1\">werden nach Ende Ihres Besuchs automatisch gel\u00f6scht. Permanente Cookies bleiben auf Ihrem Endger\u00e4t<\/p><p class=\"p1\">gespeichert, bis Sie diese selbst l\u00f6schen oder eine automatische L\u00f6schung durch Ihren Webbrowser erfolgt.<\/p><p class=\"p1\">Cookies k\u00f6nnen von uns (First-Party-Cookies) oder von Drittunternehmen stammen (sog. Third-Party-<\/p><p class=\"p1\">Cookies). Third-Party-Cookies erm\u00f6glichen die Einbindung bestimmter Dienstleistungen von<\/p><p class=\"p1\">Drittunternehmen innerhalb von Webseiten (z. B. Cookies zur Abwicklung von Zahlungsdienstleistungen).<\/p><p class=\"p1\">Cookies haben verschiedene Funktionen. Zahlreiche Cookies sind technisch notwendig, da bestimmte<\/p><p class=\"p1\">Webseitenfunktionen ohne diese nicht funktionieren wu\u0308rden (z. B. die Warenkorbfunktion oder die Anzeige<\/p><p class=\"p1\">von Videos). Andere Cookies k\u00f6nnen zur Auswertung des Nutzerverhaltens oder zu Werbezwecken<\/p><p class=\"p1\">verwendet werden.<\/p><p class=\"p1\">Cookies, die zur Durchfu\u0308hrung des elektronischen Kommunikationsvorgangs, zur Bereitstellung<\/p><p class=\"p1\">bestimmter, von Ihnen erwu\u0308nschter Funktionen (z. B. fu\u0308r die Warenkorbfunktion) oder zur Optimierung der<\/p><p class=\"p1\">Website (z. B. Cookies zur Messung des Webpublikums) erforderlich sind (notwendige Cookies), werden auf<\/p><p class=\"p1\">Grundlage von Art. 6 Abs. 1 lit. f DSGVO gespeichert, sofern keine andere Rechtsgrundlage angegeben wird.<\/p><p class=\"p1\">Der Websitebetreiber hat ein berechtigtes Interesse an der Speicherung von notwendigen Cookies zur<\/p><p class=\"p1\">technisch fehlerfreien und optimierten Bereitstellung seiner Dienste. Sofern eine Einwilligung zur<\/p><p class=\"p1\">Speicherung von Cookies und vergleichbaren Wiedererkennungstechnologien abgefragt wurde, erfolgt die<\/p><p class=\"p1\">Verarbeitung ausschlie\u00dflich auf Grundlage dieser Einwilligung (Art. 6 Abs. 1 lit. a DSGVO und \u00a7 25 Abs. 1<\/p><p class=\"p1\">TDDDG); die Einwilligung ist jederzeit widerrufbar.<\/p><p class=\"p1\">Sie k\u00f6nnen Ihren Browser so einstellen, dass Sie u\u0308ber das Setzen von Cookies informiert werden und<\/p><p class=\"p1\">Cookies nur im Einzelfall erlauben, die Annahme von Cookies fu\u0308r bestimmte F\u00e4lle oder generell ausschlie\u00dfen<\/p><p class=\"p1\">sowie das automatische L\u00f6schen der Cookies beim Schlie\u00dfen des Browsers aktivieren. Bei der<\/p><p class=\"p1\">Deaktivierung von Cookies kann die Funktionalit\u00e4t dieser Website eingeschr\u00e4nkt sein.<\/p><p class=\"p1\">Welche Cookies und Dienste auf dieser Website eingesetzt werden, k\u00f6nnen Sie dieser<\/p><p class=\"p1\">Datenschutzerkl\u00e4rung entnehmen.<\/p><p class=\"p2\"><strong>Anfrage per E-Mail, Telefon oder Telefax<\/strong><\/p><p class=\"p1\">Wenn Sie uns per E-Mail, Telefon oder Telefax kontaktieren, wird Ihre Anfrage inklusive aller daraus<\/p><p class=\"p1\">hervorgehenden personenbezogenen Daten (Name, Anfrage) zum Zwecke der Bearbeitung Ihres Anliegens<\/p><p class=\"p1\">bei uns gespeichert und verarbeitet. Diese Daten geben wir nicht ohne Ihre Einwilligung weiter.<\/p><p class=\"p1\">Die Verarbeitung dieser Daten erfolgt auf Grundlage von Art. 6 Abs. 1 lit. b DSGVO, sofern Ihre Anfrage mit<\/p><p class=\"p1\">der Erfu\u0308llung eines Vertrags zusammenh\u00e4ngt oder zur Durchfu\u0308hrung vorvertraglicher Ma\u00dfnahmen<\/p><p class=\"p1\">erforderlich ist. In allen u\u0308brigen F\u00e4llen beruht die Verarbeitung auf unserem berechtigten Interesse an der<\/p><p class=\"p1\">effektiven Bearbeitung der an uns gerichteten Anfragen (Art. 6 Abs. 1 lit. f DSGVO) oder auf Ihrer<\/p><p class=\"p1\">Einwilligung (Art. 6 Abs. 1 lit. a DSGVO) sofern diese abgefragt wurde; die Einwilligung ist jederzeit<\/p><p class=\"p1\">widerrufbar.<\/p><p class=\"p1\">Die von Ihnen an uns per Kontaktanfragen u\u0308bersandten Daten verbleiben bei uns, bis Sie uns zur L\u00f6schung<\/p><p class=\"p1\">auffordern, Ihre Einwilligung zur Speicherung widerrufen oder der Zweck fu\u0308r die Datenspeicherung entf\u00e4llt<\/p><p class=\"p1\">(z. B. nach abgeschlossener Bearbeitung Ihres Anliegens). Zwingende gesetzliche Bestimmungen \u2013<\/p><p class=\"p1\">insbesondere gesetzliche Aufbewahrungsfristen \u2013 bleiben unberu\u0308hrt.<\/p><p class=\"p3\">\u00a0<\/p><p class=\"p5\">\u00a0<\/p>\t\t\t\t\t\t\t\t<\/div>\n\t\t\t\t<\/div>\n\t\t\t\t<div class=\"elementor-element elementor-element-afe51f1 elementor-align-center elementor-widget elementor-widget-button\" data-id=\"afe51f1\" data-element_type=\"widget\" data-e-type=\"widget\" data-widget_type=\"button.default\">\n\t\t\t\t<div class=\"elementor-widget-container\">\n\t\t\t\t\t\t\t\t\t<div class=\"elementor-button-wrapper\">\n\t\t\t\t\t<a class=\"elementor-button elementor-button-link elementor-size-sm\" href=\"https:\/\/fritzsche-wa.de\/\">\n\t\t\t\t\t\t<span class=\"elementor-button-content-wrapper\">\n\t\t\t\t\t\t\t\t\t<span class=\"elementor-button-text\">Zur\u00fcck zur Startseite<\/span>\n\t\t\t\t\t<\/span>\n\t\t\t\t\t<\/a>\n\t\t\t\t<\/div>\n\t\t\t\t\t\t\t\t<\/div>\n\t\t\t\t<\/div>\n\t\t\t\t\t<\/div>\n\t\t\t\t<\/div>\n\t\t\t\t<\/div>\n\t\t","protected":false},"excerpt":{"rendered":"<p>1. Datenschutz auf einen Blick Allgemeine Hinweise Die folgenden Hinweise geben einen einfachen \u00dcberblick daru\u0308ber, was mit Ihren personenbezogenen Daten passiert, wenn Sie diese Website besuchen. Personenbezogene Daten sind alle Daten, mit denen Sie pers\u00f6nlich identifiziert werden k\u00f6nnen. Ausfu\u0308hrliche Informationen zum Thema Datenschutz entnehmen Sie unserer unter diesem Text aufgefu\u0308hrten Datenschutzerkl\u00e4rung. Datenerfassung auf dieser Website [&hellip;]<\/p>\n","protected":false},"author":1,"featured_media":0,"parent":0,"menu_order":0,"comment_status":"closed","ping_status":"closed","template":"","meta":{"footnotes":""},"class_list":["post-680","page","type-page","status-publish","hentry"],"_links":{"self":[{"href":"https:\/\/fritzsche-wa.de\/index.php?rest_route=\/wp\/v2\/pages\/680","targetHints":{"allow":["GET"]}}],"collection":[{"href":"https:\/\/fritzsche-wa.de\/index.php?rest_route=\/wp\/v2\/pages"}],"about":[{"href":"https:\/\/fritzsche-wa.de\/index.php?rest_route=\/wp\/v2\/types\/page"}],"author":[{"embeddable":true,"href":"https:\/\/fritzsche-wa.de\/index.php?rest_route=\/wp\/v2\/users\/1"}],"replies":[{"embeddable":true,"href":"https:\/\/fritzsche-wa.de\/index.php?rest_route=%2Fwp%2Fv2%2Fcomments&post=680"}],"version-history":[{"count":83,"href":"https:\/\/fritzsche-wa.de\/index.php?rest_route=\/wp\/v2\/pages\/680\/revisions"}],"predecessor-version":[{"id":1147,"href":"https:\/\/fritzsche-wa.de\/index.php?rest_route=\/wp\/v2\/pages\/680\/revisions\/1147"}],"wp:attachment":[{"href":"https:\/\/fritzsche-wa.de\/index.php?rest_route=%2Fwp%2Fv2%2Fmedia&parent=680"}],"curies":[{"name":"wp","href":"https:\/\/api.w.org\/{rel}","templated":true}]}}